{"id":10123,"date":"2018-09-26T16:26:15","date_gmt":"2018-09-26T16:26:15","guid":{"rendered":"https:\/\/photography.aspengrovestudios.space\/?page_id=10123"},"modified":"2023-03-05T16:13:36","modified_gmt":"2023-03-05T16:13:36","slug":"landscape-photography-homepage","status":"publish","type":"page","link":"https:\/\/tiborleiter.de\/de\/","title":{"rendered":"Kezd\u0151lap"},"content":{"rendered":"<p>[et_pb_section fb_built=&#8221;1&#8243; custom_padding_last_edited=&#8221;on|desktop&#8221; _builder_version=&#8221;4.16&#8243; background_color=&#8221;rgba(255,255,255,0)&#8221; custom_padding=&#8221;20px||40px|&#8221; custom_padding_tablet=&#8221;||10px|&#8221; custom_padding_phone=&#8221;||0px|&#8221; global_colors_info=&#8221;{}&#8221;][et_pb_row _builder_version=&#8221;4.16&#8243; max_width=&#8221;80%&#8221; custom_margin=&#8221;|||&#8221; custom_padding=&#8221;0px||0px|&#8221; use_custom_width=&#8221;on&#8221; width_unit=&#8221;off&#8221; global_colors_info=&#8221;{}&#8221;][et_pb_column type=&#8221;4_4&#8243; _builder_version=&#8221;4.16&#8243; custom_padding=&#8221;|||&#8221; global_colors_info=&#8221;{}&#8221; custom_padding__hover=&#8221;|||&#8221;][et_pb_slider _builder_version=&#8221;4.17.6&#8243; header_font=&#8221;||||||||&#8221; header_font_size=&#8221;45px&#8221; header_line_height=&#8221;1.25em&#8221; body_font=&#8221;|300|||||||&#8221; body_font_size=&#8221;18px&#8221; body_line_height=&#8221;1.4em&#8221; custom_button=&#8221;on&#8221; button_text_color=&#8221;#ffffff&#8221; button_font=&#8221;||||||||&#8221; min_height=&#8221;750px&#8221; min_height_tablet=&#8221;700px&#8221; min_height_phone=&#8221;300px&#8221; min_height_last_edited=&#8221;on|phone&#8221; custom_padding=&#8221;200px|15px|200px|15px|false|true&#8221; custom_padding_tablet=&#8221;150px|10px|150px|10px|true|true&#8221; custom_padding_phone=&#8221;100px|5px|100px|5px|true|true&#8221; custom_padding_last_edited=&#8221;on|desktop&#8221; header_font_size_tablet=&#8221;43px&#8221; header_font_size_phone=&#8221;40px&#8221; header_font_size_last_edited=&#8221;on|tablet&#8221; custom_css_slide_title=&#8221;margin-bottom: 10px;&#8221; button_text_color_hover=&#8221;#ffffff&#8221; button_border_color_hover=&#8221;#ee5a36&#8243; button_bg_color_hover=&#8221;#ee5a36&#8243; global_colors_info=&#8221;{}&#8221; button_text_size__hover_enabled=&#8221;off&#8221; button_one_text_size__hover_enabled=&#8221;off&#8221; button_two_text_size__hover_enabled=&#8221;off&#8221; button_text_color__hover_enabled=&#8221;on&#8221; button_text_color__hover=&#8221;#ffffff&#8221; button_one_text_color__hover_enabled=&#8221;off&#8221; button_two_text_color__hover_enabled=&#8221;off&#8221; button_border_width__hover_enabled=&#8221;off&#8221; button_one_border_width__hover_enabled=&#8221;off&#8221; button_two_border_width__hover_enabled=&#8221;off&#8221; button_border_color__hover_enabled=&#8221;on|desktop&#8221; button_border_color__hover=&#8221;#ee5a36&#8243; button_one_border_color__hover_enabled=&#8221;off&#8221; button_two_border_color__hover_enabled=&#8221;off&#8221; button_border_radius__hover_enabled=&#8221;off&#8221; button_one_border_radius__hover_enabled=&#8221;off&#8221; button_two_border_radius__hover_enabled=&#8221;off&#8221; button_letter_spacing__hover_enabled=&#8221;off&#8221; button_one_letter_spacing__hover_enabled=&#8221;off&#8221; button_two_letter_spacing__hover_enabled=&#8221;off&#8221; button_bg_color__hover_enabled=&#8221;on|hover&#8221; button_one_bg_color__hover_enabled=&#8221;off&#8221; button_two_bg_color__hover_enabled=&#8221;off&#8221;][et_pb_slide use_bg_overlay=&#8221;on&#8221; bg_overlay_color=&#8221;rgba(0,0,0,0.25)&#8221; use_text_overlay=&#8221;off&#8221; _builder_version=&#8221;4.17.5&#8243; header_font=&#8221;|700|||||||&#8221; body_font=&#8221;||||||||&#8221; background_color=&#8221;#141414&#8243; use_background_color_gradient=&#8221;on&#8221; background_color_gradient_direction=&#8221;90deg&#8221; background_color_gradient_stops=&#8221;rgba(35,35,46,0.66) 25%|rgba(255,255,255,0) 75%&#8221; background_color_gradient_overlays_image=&#8221;on&#8221; background_color_gradient_start=&#8221;rgba(35,35,46,0.66)&#8221; background_color_gradient_start_position=&#8221;25%&#8221; background_color_gradient_end=&#8221;rgba(255,255,255,0)&#8221; background_color_gradient_end_position=&#8221;75%&#8221; background_image=&#8221;https:\/\/tiborleiter.de\/wp-content\/uploads\/2022\/07\/IMG_9474.jpg&#8221; background_enable_image=&#8221;on&#8221; text_orientation=&#8221;left&#8221; custom_css_slide_description=&#8221;max-width: 550px;||margin-left: 0;&#8221; global_colors_info=&#8221;{}&#8221; button_text_size__hover_enabled=&#8221;off&#8221; button_one_text_size__hover_enabled=&#8221;off&#8221; button_two_text_size__hover_enabled=&#8221;off&#8221; button_text_color__hover_enabled=&#8221;off&#8221; button_one_text_color__hover_enabled=&#8221;off&#8221; button_two_text_color__hover_enabled=&#8221;off&#8221; button_border_width__hover_enabled=&#8221;off&#8221; button_one_border_width__hover_enabled=&#8221;off&#8221; button_two_border_width__hover_enabled=&#8221;off&#8221; button_border_color__hover_enabled=&#8221;off&#8221; button_one_border_color__hover_enabled=&#8221;off&#8221; button_two_border_color__hover_enabled=&#8221;off&#8221; button_border_radius__hover_enabled=&#8221;off&#8221; button_one_border_radius__hover_enabled=&#8221;off&#8221; button_two_border_radius__hover_enabled=&#8221;off&#8221; button_letter_spacing__hover_enabled=&#8221;off&#8221; button_one_letter_spacing__hover_enabled=&#8221;off&#8221; button_two_letter_spacing__hover_enabled=&#8221;off&#8221; button_bg_color__hover_enabled=&#8221;off&#8221; button_one_bg_color__hover_enabled=&#8221;off&#8221; button_two_bg_color__hover_enabled=&#8221;off&#8221; sticky_transition=&#8221;on&#8221;][\/et_pb_slide][et_pb_slide use_bg_overlay=&#8221;on&#8221; bg_overlay_color=&#8221;rgba(12,12,12,0.36)&#8221; _builder_version=&#8221;4.17.4&#8243; header_font=&#8221;|700|||||||&#8221; body_font=&#8221;||||||||&#8221; background_color=&#8221;#141414&#8243; background_image=&#8221;https:\/\/tiborleiter.de\/wp-content\/uploads\/2022\/07\/IMG_4496-masolat.jpg&#8221; background_enable_image=&#8221;on&#8221; text_orientation=&#8221;center&#8221; custom_css_slide_description=&#8221;max-width: 600px; &#8221; global_colors_info=&#8221;{}&#8221; button_text_size__hover_enabled=&#8221;off&#8221; button_one_text_size__hover_enabled=&#8221;off&#8221; button_two_text_size__hover_enabled=&#8221;off&#8221; button_text_color__hover_enabled=&#8221;off&#8221; button_one_text_color__hover_enabled=&#8221;off&#8221; button_two_text_color__hover_enabled=&#8221;off&#8221; button_border_width__hover_enabled=&#8221;off&#8221; button_one_border_width__hover_enabled=&#8221;off&#8221; button_two_border_width__hover_enabled=&#8221;off&#8221; button_border_color__hover_enabled=&#8221;off&#8221; button_one_border_color__hover_enabled=&#8221;off&#8221; button_two_border_color__hover_enabled=&#8221;off&#8221; button_border_radius__hover_enabled=&#8221;off&#8221; button_one_border_radius__hover_enabled=&#8221;off&#8221; button_two_border_radius__hover_enabled=&#8221;off&#8221; button_letter_spacing__hover_enabled=&#8221;off&#8221; button_one_letter_spacing__hover_enabled=&#8221;off&#8221; button_two_letter_spacing__hover_enabled=&#8221;off&#8221; button_bg_color__hover_enabled=&#8221;off&#8221; button_one_bg_color__hover_enabled=&#8221;off&#8221; button_two_bg_color__hover_enabled=&#8221;off&#8221; sticky_transition=&#8221;on&#8221;][\/et_pb_slide][et_pb_slide use_bg_overlay=&#8221;on&#8221; bg_overlay_color=&#8221;rgba(0,0,0,0)&#8221; _builder_version=&#8221;4.17.4&#8243; header_font=&#8221;|700|||||||&#8221; body_font=&#8221;||||||||&#8221; background_color=&#8221;#141414&#8243; use_background_color_gradient=&#8221;on&#8221; background_color_gradient_direction=&#8221;90deg&#8221; background_color_gradient_stops=&#8221;rgba(43,135,218,0) 25%|rgba(0,0,0,0.37) 90%&#8221; background_color_gradient_overlays_image=&#8221;on&#8221; background_color_gradient_start=&#8221;rgba(43,135,218,0)&#8221; background_color_gradient_start_position=&#8221;25%&#8221; background_color_gradient_end=&#8221;rgba(0,0,0,0.37)&#8221; background_color_gradient_end_position=&#8221;90%&#8221; background_image=&#8221;https:\/\/tiborleiter.de\/wp-content\/uploads\/2022\/07\/Fahrrad.jpg&#8221; background_enable_image=&#8221;on&#8221; background_position=&#8221;bottom_center&#8221; text_orientation=&#8221;right&#8221; custom_css_slide_description=&#8221;max-width: 550px;||margin-left: auto;||margin-right: 0;&#8221; global_colors_info=&#8221;{}&#8221; button_text_size__hover_enabled=&#8221;off&#8221; button_one_text_size__hover_enabled=&#8221;off&#8221; button_two_text_size__hover_enabled=&#8221;off&#8221; button_text_color__hover_enabled=&#8221;off&#8221; button_one_text_color__hover_enabled=&#8221;off&#8221; button_two_text_color__hover_enabled=&#8221;off&#8221; button_border_width__hover_enabled=&#8221;off&#8221; button_one_border_width__hover_enabled=&#8221;off&#8221; button_two_border_width__hover_enabled=&#8221;off&#8221; button_border_color__hover_enabled=&#8221;off&#8221; button_one_border_color__hover_enabled=&#8221;off&#8221; button_two_border_color__hover_enabled=&#8221;off&#8221; button_border_radius__hover_enabled=&#8221;off&#8221; button_one_border_radius__hover_enabled=&#8221;off&#8221; button_two_border_radius__hover_enabled=&#8221;off&#8221; button_letter_spacing__hover_enabled=&#8221;off&#8221; button_one_letter_spacing__hover_enabled=&#8221;off&#8221; button_two_letter_spacing__hover_enabled=&#8221;off&#8221; button_bg_color__hover_enabled=&#8221;off&#8221; button_one_bg_color__hover_enabled=&#8221;off&#8221; button_two_bg_color__hover_enabled=&#8221;off&#8221; sticky_transition=&#8221;on&#8221;][\/et_pb_slide][et_pb_slide _builder_version=&#8221;4.17.4&#8243; _module_preset=&#8221;default&#8221; background_color=&#8221;#000000&#8243; background_enable_color=&#8221;on&#8221; background_image=&#8221;https:\/\/tiborleiter.de\/wp-content\/uploads\/2022\/07\/IMG_5179-masolat.jpg&#8221; background_enable_image=&#8221;on&#8221; global_colors_info=&#8221;{}&#8221; sticky_transition=&#8221;on&#8221;][\/et_pb_slide][\/et_pb_slider][\/et_pb_column][\/et_pb_row][\/et_pb_section][et_pb_section fb_built=&#8221;1&#8243; custom_padding_last_edited=&#8221;on|desktop&#8221; admin_label=&#8221;section&#8221; _builder_version=&#8221;4.16&#8243; background_color=&#8221;rgba(255,255,255,0)&#8221; custom_margin=&#8221;|||&#8221; custom_padding=&#8221;0||57px||false|false&#8221; custom_padding_tablet=&#8221;20px|||&#8221; custom_padding_phone=&#8221;&#8221; global_colors_info=&#8221;{}&#8221;][et_pb_row column_structure=&#8221;1_2,1_2&#8243; use_custom_gutter=&#8221;on&#8221; gutter_width=&#8221;3&#8243; make_equal=&#8221;on&#8221; _builder_version=&#8221;4.17.4&#8243; custom_padding=&#8221;||122px|||&#8221; custom_css_main_element=&#8221;align-items: center;&#8221; global_colors_info=&#8221;{}&#8221;][et_pb_column type=&#8221;1_2&#8243; _builder_version=&#8221;4.16&#8243; custom_padding=&#8221;|||&#8221; custom_css_main_element=&#8221;margin-bottom: 0 !important;&#8221; global_colors_info=&#8221;{}&#8221; custom_padding__hover=&#8221;|||&#8221;][et_pb_image src=&#8221;https:\/\/tiborleiter.de\/wp-content\/uploads\/2022\/06\/onarckep-olaj-masolat-scaled.jpg&#8221; alt=&#8221;Leiter Tibor fot\u00f3s, \u00f6narck\u00e9p&#8221; title_text=&#8221;\u00f6narck\u00e9p olaj m\u00e1solat&#8221; align=&#8221;right&#8221; align_tablet=&#8221;center&#8221; align_phone=&#8221;&#8221; align_last_edited=&#8221;on|desktop&#8221; disabled_on=&#8221;off|off|off&#8221; admin_label=&#8221;About Image (z-index: 1)&#8221; _builder_version=&#8221;4.17.4&#8243; max_width=&#8221;70%&#8221; custom_margin=&#8221;-25px||0px|&#8221; animation_style=&#8221;slide&#8221; animation_direction=&#8221;left&#8221; custom_css_main_element=&#8221;z-index: 1;||position: relative;&#8221; box_shadow_style=&#8221;preset1&#8243; box_shadow_blur=&#8221;25px&#8221; box_shadow_spread=&#8221;5px&#8221; box_shadow_color=&#8221;rgba(0,0,0,0.06)&#8221; global_colors_info=&#8221;{}&#8221;][\/et_pb_image][et_pb_image src=&#8221;https:\/\/tiborleiter.de\/wp-content\/uploads\/2022\/07\/MG_8840-masolat-1024&#215;1024.jpg&#8221; title_text=&#8221;_MG_8840 m\u00e1solat&#8221; disabled_on=&#8221;on|on|off&#8221; admin_label=&#8221;About Image (z-index: 0)&#8221; _builder_version=&#8221;4.17.4&#8243; custom_margin=&#8221;-200px||0px|-151px&#8221; custom_margin_tablet=&#8221;-150px||30px|-75px&#8221; custom_margin_phone=&#8221;10px|||&#8221; custom_margin_last_edited=&#8221;off|desktop&#8221; animation_style=&#8221;slide&#8221; animation_direction=&#8221;bottom&#8221; animation_duration=&#8221;1100ms&#8221; custom_css_main_element=&#8221;max-width: 475px;||z-index: 0;&#8221; box_shadow_style=&#8221;preset1&#8243; box_shadow_blur=&#8221;20px&#8221; box_shadow_spread=&#8221;5px&#8221; box_shadow_color=&#8221;rgba(0,0,0,0.06)&#8221; always_center_on_mobile=&#8221;off&#8221; global_colors_info=&#8221;{}&#8221;][\/et_pb_image][\/et_pb_column][et_pb_column type=&#8221;1_2&#8243; _builder_version=&#8221;4.17.4&#8243; custom_padding=&#8221;|||&#8221; animation_style=&#8221;zoom&#8221; global_colors_info=&#8221;{}&#8221; custom_padding__hover=&#8221;|||&#8221;][et_pb_text admin_label=&#8221;Left line paragraph&#8221; module_class=&#8221;left-line-paragraph&#8221; _builder_version=&#8221;4.17.4&#8243; text_font=&#8221;|||on|||||&#8221; text_font_size=&#8221;13px&#8221; text_letter_spacing=&#8221;2px&#8221; custom_margin=&#8221;||0px|&#8221; global_colors_info=&#8221;{}&#8221;]<\/p>\n<p>R\u00f3lam<\/p>\n<p>[\/et_pb_text][et_pb_text admin_label=&#8221;Title &#8211; h1&#8243; _builder_version=&#8221;4.17.4&#8243; text_font=&#8221;||||||||&#8221; header_font=&#8221;||||||||&#8221; header_font_size=&#8221;35px&#8221; header_line_height=&#8221;1.2em&#8221; custom_margin=&#8221;20px||25px|&#8221; header_font_size_tablet=&#8221;33px&#8221; header_font_size_phone=&#8221;28px&#8221; header_font_size_last_edited=&#8221;on|phone&#8221; global_colors_info=&#8221;{}&#8221;]<\/p>\n<h1>Leiter Tibor fotogr\u00e1fus vagyok Magyarorsz\u00e1gr\u00f3l<\/h1>\n<p>[\/et_pb_text][et_pb_divider admin_label=&#8221;Expanding Divider&#8221; module_id=&#8221;expanding-divider&#8221; _builder_version=&#8221;4.16&#8243; custom_margin=&#8221;||10px|&#8221; custom_padding=&#8221;|||&#8221; saved_tabs=&#8221;all&#8221; global_colors_info=&#8221;{}&#8221;][\/et_pb_divider][et_pb_text _builder_version=&#8221;4.17.4&#8243; text_font=&#8221;||||||||&#8221; global_colors_info=&#8221;{}&#8221;]<\/p>\n<blockquote>\n<p>2019-ben egy hegyi t\u00far\u00e1n N\u00e9metorsz\u00e1gban, \u00a0Garmisch-Partenkirchen Kramerspitze kezd\u0151d\u00f6tt a fot\u00f3s t\u00f6rt\u00e9netem. K\u00fcl\u00f6nleges, nagyon sz\u00e9p felh\u0151k voltak a v\u00f6lgyben \u00e9s felett\u00fck s\u00e9t\u00e1lva, 1985 m\u00e9ter magass\u00e1gban arra gondoltam, hogy k\u00e9sz\u00edtek p\u00e1r fot\u00f3t a telefonommal.<\/p>\n<p>\u00dagy \u00e9reztem, hogy j\u00f3l siker\u00fcltek a k\u00e9pek \u00e9s ezt meg kell mutatni a csal\u00e1domnak \u00e9s a bar\u00e1taimnak is. Pr\u00f3b\u00e1ltam elmes\u00e9lni, hogy milyen sz\u00e9p, \u00e9rdekes helyen j\u00e1rtam \u00e9s k\u00f6zben megmutattam a felv\u00e9teleket, ami k\u00f6zel sem adta vissza azt, amit \u00e9n l\u00e1ttam, \u00edgy \u0151k nem \u00e9lhett\u00e9k \u00e1t az \u00e9lm\u00e9nyt, amit \u00e9n. A telefonnal k\u00e9sz\u00edtett pillanatk\u00e9p nem adta vissza, nem \u00e9rt c\u00e9lba a fot\u00f3&#8230;<\/p>\n<\/blockquote>\n<p>[\/et_pb_text][et_pb_button button_text=&#8221;B\u0151vebben r\u00f3lam&#8221; _builder_version=&#8221;4.17.4&#8243; _module_preset=&#8221;default&#8221; global_colors_info=&#8221;{}&#8221;][\/et_pb_button][dipl_button _builder_version=&#8221;4.17.4&#8243; _module_preset=&#8221;default&#8221; global_colors_info=&#8221;{}&#8221;][\/dipl_button][et_pb_image src=&#8221;https:\/\/tiborleiter.de\/wp-content\/uploads\/2022\/07\/Lieblings.jpg&#8221; alt=&#8221;lieblings&#8221; title_text=&#8221;Lieblings&#8221; align=&#8221;center&#8221; align_tablet=&#8221;center&#8221; align_phone=&#8221;&#8221; align_last_edited=&#8221;on|desktop&#8221; disabled_on=&#8221;on|on|off&#8221; admin_label=&#8221;Image (for tablets and phones)&#8221; _builder_version=&#8221;4.17.6&#8243; custom_margin=&#8221;||0px|&#8221; custom_padding=&#8221;30px|||&#8221; animation_style=&#8221;zoom&#8221; global_colors_info=&#8221;{}&#8221;][\/et_pb_image][\/et_pb_column][\/et_pb_row][et_pb_row _builder_version=&#8221;4.17.4&#8243; _module_preset=&#8221;default&#8221; global_colors_info=&#8221;{}&#8221;][et_pb_column type=&#8221;4_4&#8243; _builder_version=&#8221;4.17.4&#8243; _module_preset=&#8221;default&#8221; global_colors_info=&#8221;{}&#8221;][dipl_image_accordion active_accordion=&#8221;1&#8243; _builder_version=&#8221;4.20.0&#8243; _module_preset=&#8221;default&#8221; custom_button=&#8221;on&#8221; hover_enabled=&#8221;0&#8243; global_colors_info=&#8221;{}&#8221; sticky_enabled=&#8221;0&#8243;][dipl_image_accordion_item title=&#8221;2023&#8243; show_button=&#8221;on&#8221; button_text=&#8221;B\u0151vebben&#8221; button_url=&#8221;https:\/\/tiborleiter.de\/2023-2\/&#8221; accordion_bg_image=&#8221;https:\/\/tiborleiter.de\/wp-content\/uploads\/2023\/03\/CJ4A7333-1-scaled.jpg&#8221; _builder_version=&#8221;4.20.0&#8243; _module_preset=&#8221;default&#8221; title_text_color=&#8221;#FFFFFF&#8221; desc_text_text_color=&#8221;#FFFFFF&#8221; custom_button=&#8221;on&#8221; button_text_color=&#8221;#FFFFFF&#8221; button_bg_color=&#8221;rgba(0,0,0,0.8)&#8221; button_border_color=&#8221;#000000&#8243; link_option_url=&#8221;https:\/\/tiborleiter.de\/2023-2\/&#8221; hover_enabled=&#8221;0&#8243; global_colors_info=&#8221;{}&#8221; sticky_enabled=&#8221;0&#8243; button_border_width=&#8221;0px&#8221;]<\/p>\n<p>L\u00e1tom amit l\u00e1tok!<\/p>\n<p>[\/dipl_image_accordion_item][dipl_image_accordion_item title=&#8221;2022&#8243; show_button=&#8221;on&#8221; button_text=&#8221;B\u0151vebben&#8221; button_url=&#8221;https:\/\/tiborleiter.de\/2022-2\/&#8221; active_accordion_bg_color=&#8221;rgba(0,0,0,0.79)&#8221; accordion_bg_image=&#8221;https:\/\/tiborleiter.de\/wp-content\/uploads\/2022\/07\/IMG_4496-masolat.jpg&#8221; active_accordion_bg_enable_image=&#8221;off&#8221; active_accordion_bg_blend=&#8221;overlay&#8221; _builder_version=&#8221;4.20.0&#8243; _module_preset=&#8221;default&#8221; title_level=&#8221;h1&#8243; title_font_size=&#8221;50px&#8221; desc_text_text_color=&#8221;#FFFFFF&#8221; desc_text_font_size=&#8221;17px&#8221; custom_button=&#8221;on&#8221; button_text_color=&#8221;#FFFFFF&#8221; button_bg_color=&#8221;rgba(0,0,0,0.8)&#8221; button_border_width=&#8221;0px&#8221; button_border_color=&#8221;#000000&#8243; text_orientation=&#8221;center&#8221; link_option_url=&#8221;https:\/\/tiborleiter.de\/2022-2\/&#8221; hover_enabled=&#8221;0&#8243; global_colors_info=&#8221;{}&#8221; sticky_enabled=&#8221;0&#8243;]<\/p>\n<p>F\u00f3kuszban a term\u00e9szet.<\/p>\n<p>[\/dipl_image_accordion_item][dipl_image_accordion_item title=&#8221;2021&#8243; show_button=&#8221;on&#8221; button_text=&#8221;B\u0151vebben&#8221; button_url=&#8221;https:\/\/tiborleiter.de\/2021-2\/&#8221; active_accordion_bg_color=&#8221;rgba(0,0,0,0.77)&#8221; accordion_bg_image=&#8221;https:\/\/tiborleiter.de\/wp-content\/uploads\/2022\/07\/Fahrrad.jpg&#8221; _builder_version=&#8221;4.17.5&#8243; _module_preset=&#8221;default&#8221; title_level=&#8221;h1&#8243; title_font_size=&#8221;50px&#8221; desc_text_text_color=&#8221;#FFFFFF&#8221; desc_text_font_size=&#8221;17px&#8221; custom_button=&#8221;on&#8221; button_text_color=&#8221;#FFFFFF&#8221; button_bg_color=&#8221;rgba(0,0,0,0.8)&#8221; button_border_width=&#8221;0px&#8221; button_border_color=&#8221;#000000&#8243; text_orientation=&#8221;center&#8221; link_option_url=&#8221;https:\/\/tiborleiter.de\/2021-2\/&#8221; global_colors_info=&#8221;{}&#8221;]<\/p>\n<p>Az \u00fatkeres\u00e9s \u00e9ve.<\/p>\n<p>[\/dipl_image_accordion_item][dipl_image_accordion_item title=&#8221;2020&#8243; show_button=&#8221;on&#8221; button_text=&#8221;B\u0151vebben&#8221; button_url=&#8221;https:\/\/tiborleiter.de\/2020-2\/&#8221; active_accordion_bg_color=&#8221;rgba(0,0,0,0.79)&#8221; accordion_bg_image=&#8221;https:\/\/tiborleiter.de\/wp-content\/uploads\/2022\/07\/IMG_4539.jpg&#8221; _builder_version=&#8221;4.17.5&#8243; _module_preset=&#8221;default&#8221; title_level=&#8221;h1&#8243; title_font_size=&#8221;50px&#8221; desc_text_text_color=&#8221;#FFFFFF&#8221; desc_text_font_size=&#8221;17px&#8221; custom_button=&#8221;on&#8221; button_text_color=&#8221;#FFFFFF&#8221; button_bg_color=&#8221;rgba(0,0,0,0.8)&#8221; button_border_width=&#8221;0px&#8221; button_border_color=&#8221;#000000&#8243; text_orientation=&#8221;center&#8221; link_option_url=&#8221;https:\/\/tiborleiter.de\/2020-2\/&#8221; global_colors_info=&#8221;{}&#8221;]<\/p>\n<p>A v\u00edz \u00e9ve.<\/p>\n<p>[\/dipl_image_accordion_item][dipl_image_accordion_item title=&#8221;2019&#8243; show_button=&#8221;on&#8221; button_text=&#8221;B\u0151vebben&#8221; button_url=&#8221;https:\/\/tiborleiter.de\/2019-2\/&#8221; active_accordion_bg_color=&#8221;rgba(0,0,0,0.78)&#8221; accordion_bg_image=&#8221;https:\/\/tiborleiter.de\/wp-content\/uploads\/2022\/07\/cool-masolat.jpg&#8221; _builder_version=&#8221;4.17.5&#8243; _module_preset=&#8221;default&#8221; title_level=&#8221;h1&#8243; title_font_size=&#8221;50px&#8221; desc_text_text_color=&#8221;#FFFFFF&#8221; desc_text_font_size=&#8221;17px&#8221; custom_button=&#8221;on&#8221; button_text_color=&#8221;#FFFFFF&#8221; button_bg_color=&#8221;rgba(0,0,0,0.8)&#8221; button_border_width=&#8221;0px&#8221; button_border_color=&#8221;#000000&#8243; text_orientation=&#8221;center&#8221; link_option_url=&#8221;https:\/\/tiborleiter.de\/2019-2\/&#8221; global_colors_info=&#8221;{}&#8221;]<\/p>\n<p>Az elindul\u00e1s \u00e9ve.<\/p>\n<p>[\/dipl_image_accordion_item][\/dipl_image_accordion][\/et_pb_column][\/et_pb_row][\/et_pb_section][et_pb_section fb_built=&#8221;1&#8243; _builder_version=&#8221;4.17.6&#8243; _module_preset=&#8221;default&#8221; background_color=&#8221;RGBA(255,255,255,0)&#8221; global_module=&#8221;11674&#8243; saved_tabs=&#8221;all&#8221; global_colors_info=&#8221;{}&#8221;][et_pb_row column_structure=&#8221;1_2,1_2&#8243; _builder_version=&#8221;4.17.6&#8243; _module_preset=&#8221;default&#8221; global_colors_info=&#8221;{}&#8221;][et_pb_column type=&#8221;1_2&#8243; _builder_version=&#8221;4.17.6&#8243; _module_preset=&#8221;default&#8221; global_colors_info=&#8221;{}&#8221;][et_pb_icon font_icon=&#8221;agsdix-fab fa-facebook-f||fa||400&#8243; icon_color=&#8221;#FFFFFF&#8221; url=&#8221;https:\/\/www.facebook.com\/tibor.leiter&#8221; url_new_window=&#8221;on&#8221; icon_width_tablet=&#8221;&#8221; icon_width_phone=&#8221;60px&#8221; icon_width_last_edited=&#8221;on|phone&#8221; _builder_version=&#8221;4.17.6&#8243; _module_preset=&#8221;default&#8221; custom_padding=&#8221;10px|10px|10px|10px|true|true&#8221; border_radii=&#8221;on|138px|138px|138px|138px&#8221; border_width_all=&#8221;2px&#8221; border_color_all=&#8221;#FFFFFF&#8221; global_colors_info=&#8221;{}&#8221; font_icon__hover_enabled=&#8221;on|desktop&#8221; icon_color__hover_enabled=&#8221;on|hover&#8221; icon_color__hover=&#8221;#0c71c3&#8243; border_color_all__hover_enabled=&#8221;on|hover&#8221; border_color_all__hover=&#8221;RGBA(255,255,255,0)&#8221; font_icon__hover=&#8221;agsdix-fab fa-facebook-f||fa||400&#8243;][\/et_pb_icon][\/et_pb_column][et_pb_column type=&#8221;1_2&#8243; _builder_version=&#8221;4.17.6&#8243; _module_preset=&#8221;default&#8221; global_colors_info=&#8221;{}&#8221;][et_pb_icon font_icon=&#8221;agsdi-instagram||fa||400&#8243; icon_color=&#8221;#FFFFFF&#8221; url=&#8221;https:\/\/www.instagram.com\/tiborleiter\/&#8221; url_new_window=&#8221;on&#8221; icon_width_tablet=&#8221;&#8221; icon_width_phone=&#8221;60px&#8221; icon_width_last_edited=&#8221;on|phone&#8221; _builder_version=&#8221;4.17.6&#8243; _module_preset=&#8221;default&#8221; custom_padding=&#8221;10px|10px|10px|10px|true|true&#8221; border_radii=&#8221;on|138px|138px|138px|138px&#8221; border_width_all=&#8221;2px&#8221; border_color_all=&#8221;#FFFFFF&#8221; global_colors_info=&#8221;{}&#8221; icon_color__hover_enabled=&#8221;on|hover&#8221; icon_color__hover=&#8221;#8300E9&#8243; border_color_all__hover_enabled=&#8221;on|hover&#8221; border_color_all__hover=&#8221;RGBA(255,255,255,0)&#8221;][\/et_pb_icon][\/et_pb_column][\/et_pb_row][\/et_pb_section]<\/p>\n","protected":false},"excerpt":{"rendered":"<p> [&hellip;]<\/p>\n","protected":false},"author":1,"featured_media":0,"parent":0,"menu_order":0,"comment_status":"closed","ping_status":"closed","template":"","meta":{"_et_pb_use_builder":"on","_et_pb_old_content":"","_et_gb_content_width":"","footnotes":""},"class_list":["post-10123","page","type-page","status-publish","hentry"],"_links":{"self":[{"href":"https:\/\/tiborleiter.de\/de\/wp-json\/wp\/v2\/pages\/10123","targetHints":{"allow":["GET"]}}],"collection":[{"href":"https:\/\/tiborleiter.de\/de\/wp-json\/wp\/v2\/pages"}],"about":[{"href":"https:\/\/tiborleiter.de\/de\/wp-json\/wp\/v2\/types\/page"}],"author":[{"embeddable":true,"href":"https:\/\/tiborleiter.de\/de\/wp-json\/wp\/v2\/users\/1"}],"replies":[{"embeddable":true,"href":"https:\/\/tiborleiter.de\/de\/wp-json\/wp\/v2\/comments?post=10123"}],"version-history":[{"count":44,"href":"https:\/\/tiborleiter.de\/de\/wp-json\/wp\/v2\/pages\/10123\/revisions"}],"predecessor-version":[{"id":11787,"href":"https:\/\/tiborleiter.de\/de\/wp-json\/wp\/v2\/pages\/10123\/revisions\/11787"}],"wp:attachment":[{"href":"https:\/\/tiborleiter.de\/de\/wp-json\/wp\/v2\/media?parent=10123"}],"curies":[{"name":"wp","href":"https:\/\/api.w.org\/{rel}","templated":true}]}}