{"id":10925,"date":"2018-05-22T15:47:38","date_gmt":"2018-05-22T15:47:38","guid":{"rendered":"https:\/\/photography.aspengrovestudios.space\/?page_id=11"},"modified":"2022-07-27T10:39:44","modified_gmt":"2022-07-27T10:39:44","slug":"about","status":"publish","type":"page","link":"https:\/\/tiborleiter.de\/en\/about\/","title":{"rendered":"About"},"content":{"rendered":"<p>[et_pb_section fb_built=&#8221;1&#8243; custom_padding_last_edited=&#8221;on|desktop&#8221; admin_label=&#8221;section&#8221; _builder_version=&#8221;4.17.4&#8243; background_color=&#8221;rgba(255,255,255,0)&#8221; custom_margin=&#8221;|||&#8221; custom_padding=&#8221;55px||0px||false|false&#8221; custom_padding_tablet=&#8221;20px|||&#8221; custom_padding_phone=&#8221;&#8221; global_colors_info=&#8221;{}&#8221;][et_pb_row column_structure=&#8221;1_2,1_2&#8243; use_custom_gutter=&#8221;on&#8221; gutter_width=&#8221;3&#8243; make_equal=&#8221;on&#8221; _builder_version=&#8221;4.17.4&#8243; width=&#8221;100%&#8221; custom_margin=&#8221;|auto|-77px|auto||&#8221; custom_padding=&#8221;||98px|||&#8221; custom_css_main_element=&#8221;align-items: center;&#8221; global_colors_info=&#8221;{}&#8221;][et_pb_column type=&#8221;1_2&#8243; _builder_version=&#8221;4.17.4&#8243; custom_padding=&#8221;|||&#8221; global_colors_info=&#8221;{}&#8221; custom_padding__hover=&#8221;|||&#8221;][et_pb_image src=&#8221;https:\/\/tiborleiter.de\/wp-content\/uploads\/2022\/06\/onarckep-olaj-masolat-scaled.jpg&#8221; title_text=&#8221;\u00f6narck\u00e9p olaj m\u00e1solat&#8221; align=&#8221;right&#8221; align_tablet=&#8221;center&#8221; align_phone=&#8221;center&#8221; align_last_edited=&#8221;on|desktop&#8221; disabled_on=&#8221;on|on|off&#8221; admin_label=&#8221;About Image 1000&#215;1095 (z-index: 1)&#8221; _builder_version=&#8221;4.17.4&#8243; max_width=&#8221;70%&#8221; custom_margin=&#8221;-25px||0px|&#8221; animation_style=&#8221;slide&#8221; animation_direction=&#8221;left&#8221; custom_css_main_element=&#8221;z-index: 1;||position: relative;&#8221; box_shadow_style=&#8221;preset1&#8243; box_shadow_blur=&#8221;20px&#8221; box_shadow_spread=&#8221;5px&#8221; box_shadow_color=&#8221;rgba(0,0,0,0.15)&#8221; global_colors_info=&#8221;{}&#8221;]&nbsp;<br \/>\n[\/et_pb_image][et_pb_image src=&#8221;https:\/\/tiborleiter.de\/wp-content\/uploads\/2022\/07\/IMG_9675a-masolat.jpg&#8221; title_text=&#8221;IMG_9675a m\u00e1solat&#8221; disabled_on=&#8221;on|on|off&#8221; admin_label=&#8221;About Image 1080&#215;720 (z-index: 0)&#8221; _builder_version=&#8221;4.17.4&#8243; custom_margin=&#8221;-200px||0px|-151px&#8221; custom_margin_tablet=&#8221;-150px||30px|-75px&#8221; custom_margin_phone=&#8221;10px|||&#8221; custom_margin_last_edited=&#8221;off|desktop&#8221; animation_style=&#8221;slide&#8221; animation_direction=&#8221;bottom&#8221; animation_duration=&#8221;1100ms&#8221; custom_css_main_element=&#8221;max-width: 475px;||z-index: 0;&#8221; box_shadow_style=&#8221;preset1&#8243; box_shadow_blur=&#8221;20px&#8221; box_shadow_spread=&#8221;5px&#8221; box_shadow_color=&#8221;rgba(0,0,0,0.15)&#8221; always_center_on_mobile=&#8221;off&#8221; global_colors_info=&#8221;{}&#8221;]&nbsp;<br \/>\n[\/et_pb_image][et_pb_image src=&#8221;https:\/\/tiborleiter.de\/wp-content\/uploads\/2022\/07\/IMG_6480.jpg&#8221; title_text=&#8221;IMG_6480&#8243; _builder_version=&#8221;4.17.4&#8243; _module_preset=&#8221;default&#8221; animation_style=&#8221;fold&#8221; global_colors_info=&#8221;{}&#8221;][\/et_pb_image][\/et_pb_column][et_pb_column type=&#8221;1_2&#8243; _builder_version=&#8221;4.17.4&#8243; custom_padding=&#8221;|||&#8221; global_colors_info=&#8221;{}&#8221; custom_padding__hover=&#8221;|||&#8221;][et_pb_text admin_label=&#8221;Title &#8211; h1&#8243; _builder_version=&#8221;4.17.4&#8243; header_font_size=&#8221;35px&#8221; header_line_height=&#8221;1.3em&#8221; custom_margin=&#8221;25px|13px|25px|13px|false|true&#8221; header_font_size_tablet=&#8221;33px&#8221; header_font_size_phone=&#8221;28px&#8221; header_font_size_last_edited=&#8221;on|phone&#8221; saved_tabs=&#8221;all&#8221; global_colors_info=&#8221;{}&#8221;]<\/p>\n<h1>Hello, az \u00e9n nevem Leiter Tibor. Fot\u00f3s vagyok<\/h1>\n<p>[\/et_pb_text][et_pb_divider admin_label=&#8221;Expanding Divider&#8221; module_id=&#8221;expanding-divider&#8221; _builder_version=&#8221;4.16&#8243; custom_margin=&#8221;||10px|&#8221; custom_padding=&#8221;|||&#8221; saved_tabs=&#8221;all&#8221; global_colors_info=&#8221;{}&#8221;][\/et_pb_divider][et_pb_text _builder_version=&#8221;4.17.5&#8243; text_font=&#8221;||||||||&#8221; max_width_tablet=&#8221;&#8221; max_width_phone=&#8221;100%&#8221; max_width_last_edited=&#8221;on|phone&#8221; custom_margin=&#8221;|13px||13px|false|true&#8221; global_colors_info=&#8221;{}&#8221;]<\/p>\n<p>Hogyan kezdtem el fot\u00f3zni?<\/p>\n<blockquote>\n<p>2019-ben egy hegyi t\u00far\u00e1n N\u00e9metorsz\u00e1gban, \u00a0Garmisch-Partenkirchen Kramerspitze kezd\u0151d\u00f6tt a fot\u00f3s t\u00f6rt\u00e9netem. K\u00fcl\u00f6nleges, nagyon sz\u00e9p felh\u0151k voltak a v\u00f6lgyben \u00e9s felett\u00fck s\u00e9t\u00e1lva, 1985 m\u00e9ter magass\u00e1gban arra gondoltam, hogy k\u00e9sz\u00edtek p\u00e1r fot\u00f3t a telefonommal.<\/p>\n<\/blockquote>\n<p>\u00dagy \u00e9reztem, hogy j\u00f3l siker\u00fcltek a k\u00e9pek \u00e9s ezt meg kell mutatni a csal\u00e1domnak \u00e9s a bar\u00e1taimnak is. Pr\u00f3b\u00e1ltam elmes\u00e9lni, hogy milyen sz\u00e9p, \u00e9rdekes helyen j\u00e1rtam \u00e9s k\u00f6zben megmutattam a felv\u00e9teleket, ami k\u00f6zel sem adta vissza azt, amit \u00e9n l\u00e1ttam, \u00edgy \u0151k nem \u00e9lhett\u00e9k \u00e1t az \u00e9lm\u00e9nyt, amit \u00e9n. A telefonnal k\u00e9sz\u00edtett pillanatk\u00e9p nem adta vissza, nem \u00e9rt c\u00e9lba a fot\u00f3.<\/p>\n<blockquote>\n<p>Elhat\u00e1roztam, hogy veszek egy f\u00e9nyk\u00e9pez\u0151g\u00e9pet, amit mindenhov\u00e1 magammal cipeltem.<br \/>Azt gondoltam, hogy akinek van egy j\u00f3 min\u0151s\u00e9g\u0171 g\u00e9pe az m\u00e1r fot\u00f3zni is tud, de nagyot t\u00e9vedtem. Az elk\u00e9sz\u00fclt fot\u00f3kat felt\u00f6lt\u00f6ttem k\u00fcl\u00f6nb\u00f6z\u0151 fot\u00f3s csoportokba \u00e9s v\u00e1rtam a reakci\u00f3kat. Sorra kaptam a kritik\u00e1kat, ami az\u00e9rt \u00e9rt hidegzuhanyk\u00e9nt, mert azt gondoltam, hogy el\u00e9g kritikus vagyok magammal szemben \u00e9s biztos j\u00f3 k\u00e9peket k\u00e9sz\u00edtettem, mert gondos v\u00e1logat\u00e1s ut\u00e1n tettem \u201e\u0151ket\u201d k\u00f6zszeml\u00e9re.<\/p>\n<\/blockquote>\n<p>A kritik\u00e1k arra inspir\u00e1ltak, hogy az interneten sz\u00e1mtalan oktat\u00f3 vide\u00f3t n\u00e9zzek \u00e9s fejl\u0151djek, \u201el\u0151jem\u201d a fot\u00f3kat.\u00a0 Sok hasznos praktik\u00e1t \u00e9s tan\u00e1csot tettem a magam\u00e9v\u00e1 \u00e9s be akartam bizony\u00edtani (f\u0151leg a kritikus szemeknek), hogy egyre t\u00f6bbet tudok fejl\u0151dni \u00e9s egyre jobb fot\u00f3kat k\u00e9sz\u00edtek.<\/p>\n<p>\u00c9s az \u00f6nk\u00e9pz\u00e9s, gyakorl\u00e1s, tanul\u00e1s, a k\u00edv\u00e1ncsis\u00e1gom meghozta a v\u00e1rt elismer\u00e9st olyanokt\u00f3l is, akikre feln\u00e9zek \u00e9s ez m\u00e9g jobban arra \u00f6szt\u00f6nz\u00f6tt, hogy \u201etanuljak, fot\u00f3zzak, tanuljak, fot\u00f3zzak\u201d \u00e9s k\u00f6zben pr\u00f3b\u00e1ltam kital\u00e1lni, hogy mit\u0151l m\u0171k\u00f6dik egy f\u00e9nyk\u00e9p.<br \/>Sok gyakorl\u00e1s \u00fatj\u00e1n megtanultam az ut\u00f3munk\u00e1t \u00e9s r\u00e1tal\u00e1ltam a saj\u00e1t st\u00edlusomra is. A hobbim \u00e9s a szenved\u00e9lyem elvitt od\u00e1ig, hogy egyre t\u00f6bben felismerik a fot\u00f3imat, \u201eLeiter Tibor\u201d munk\u00e1j\u00e1t. L\u00e1that\u00f3v\u00e1 v\u00e1ltam a kamera m\u00f6g\u00f6tt, amihez rengeteg id\u0151, tanul\u00e1s, gyakorl\u00e1s \u00e9s kitart\u00e1s kellett. A tud\u00e1somat \u00e9s felszerel\u00e9semet folyamatosan b\u0151v\u00edtem.<\/p>\n<blockquote>\n<p>A kiindul\u00f3 pont m\u00e9gis az volt, hogy rettenetesen hajt a k\u00edv\u00e1ncsis\u00e1g \u00e9s nagyon szeretem a term\u00e9szetet, f\u0151leg a hajnalokat, amikor alszanak az emberek, de az \u00e1llatvil\u00e1g m\u00e1r \u00e9beren vad\u00e1szik, t\u00e1pl\u00e1lkozik, \u00e9li az \u00e9let\u00e9t. Ez\u00e9rt fot\u00f3zom els\u0151sorban az \u00e9l\u0151vil\u00e1got, t\u00e1jakat, term\u00e9szetet, tejutat, csillagj\u00e1r\u00e1st. Szeretem makro be\u00e1ll\u00edt\u00e1sban is meg\u00f6r\u00f6k\u00edteni a term\u00e9szetet, hogy a csod\u00e1s apr\u00f3 r\u00e9szleteket, az \u00e9n n\u00e9z\u0151pontomon a saj\u00e1t objekt\u00edvemen, a saj\u00e1t szememen kereszt\u00fcl l\u00e1ss\u00e1k az emberek. L\u00e1ss\u00e1k mindazt, ami egy m\u00e1sodperc t\u00f6red\u00e9ke alatt t\u00f6rt\u00e9nik, hogy a pillanat var\u00e1zs\u00e1t vissza tudjam adni. \u00a0A pillanat hobbi fot\u00f3sak\u00e9nt nemcsak n\u00e9zni, hanem l\u00e1tni szeretn\u00e9k m\u00e9g nagyon sok mindent!<\/p>\n<\/blockquote>\n<p>[\/et_pb_text][et_pb_image src=&#8221;https:\/\/tiborleiter.de\/wp-content\/uploads\/2022\/07\/arckep-scaled.jpg&#8221; title_text=&#8221;arckep&#8221; align=&#8221;center&#8221; align_tablet=&#8221;center&#8221; align_phone=&#8221;center&#8221; align_last_edited=&#8221;on|desktop&#8221; disabled_on=&#8221;off|off|off&#8221; admin_label=&#8221;Image (for tablets and phones)&#8221; _builder_version=&#8221;4.17.4&#8243; custom_margin=&#8221;|13px|0px|13px|false|true&#8221; custom_padding=&#8221;30px|||&#8221; global_colors_info=&#8221;{}&#8221;]&nbsp;<br \/>\n[\/et_pb_image][\/et_pb_column][\/et_pb_row][\/et_pb_section][et_pb_section fb_built=&#8221;1&#8243; specialty=&#8221;on&#8221; _builder_version=&#8221;4.17.6&#8243; _module_preset=&#8221;default&#8221; background_color=&#8221;RGBA(255,255,255,0)&#8221; hover_enabled=&#8221;0&#8243; global_colors_info=&#8221;{}&#8221; sticky_enabled=&#8221;0&#8243;][et_pb_column type=&#8221;1_2&#8243; _builder_version=&#8221;4.16&#8243; custom_padding=&#8221;|||&#8221; global_colors_info=&#8221;{}&#8221; custom_padding__hover=&#8221;|||&#8221;][et_pb_image src=&#8221;https:\/\/tiborleiter.de\/wp-content\/uploads\/2022\/07\/IMG_4377-masolat.jpg&#8221; title_text=&#8221;IMG_4377 m\u00e1solat&#8221; show_bottom_space=&#8221;off&#8221; admin_label=&#8221;About Image 1080&#215;720 (z-index: 1)&#8221; _builder_version=&#8221;4.17.4&#8243; custom_margin=&#8221;||0px|&#8221; custom_margin_tablet=&#8221;0px|||&#8221; custom_margin_phone=&#8221;&#8221; custom_margin_last_edited=&#8221;on|desktop&#8221; animation_style=&#8221;slide&#8221; animation_direction=&#8221;bottom&#8221; custom_css_main_element=&#8221;z-index: 1;||position: relative;&#8221; box_shadow_style=&#8221;preset1&#8243; box_shadow_blur=&#8221;20px&#8221; box_shadow_spread=&#8221;5px&#8221; box_shadow_color=&#8221;rgba(0,0,0,0.15)&#8221; always_center_on_mobile=&#8221;off&#8221; global_colors_info=&#8221;{}&#8221;]&nbsp;<br \/>\n[\/et_pb_image][et_pb_image src=&#8221;https:\/\/tiborleiter.de\/wp-content\/uploads\/2022\/07\/IMG_1485.jpg&#8221; title_text=&#8221;IMG_1485&#8243; show_bottom_space=&#8221;off&#8221; disabled_on=&#8221;on|on|off&#8221; admin_label=&#8221;About Image 1080&#215;720 (z-index: 3)&#8221; _builder_version=&#8221;4.17.4&#8243; custom_margin=&#8221;-190px|||-40px&#8221; custom_margin_last_edited=&#8221;off|desktop&#8221; animation_style=&#8221;slide&#8221; animation_direction=&#8221;top&#8221; animation_duration=&#8221;1200ms&#8221; custom_css_main_element=&#8221;max-width: 375px;||z-index: 3;||position: relative;&#8221; box_shadow_style=&#8221;preset1&#8243; box_shadow_blur=&#8221;20px&#8221; box_shadow_spread=&#8221;5px&#8221; box_shadow_color=&#8221;rgba(0,0,0,0.15)&#8221; always_center_on_mobile=&#8221;off&#8221; global_colors_info=&#8221;{}&#8221;]&nbsp;<br \/>\n[\/et_pb_image][et_pb_image src=&#8221;https:\/\/tiborleiter.de\/wp-content\/uploads\/2022\/07\/IMG_5056-masolat.jpg&#8221; title_text=&#8221;IMG_5056 m\u00e1solat&#8221; show_bottom_space=&#8221;off&#8221; align=&#8221;right&#8221; disabled_on=&#8221;on|on|off&#8221; admin_label=&#8221;About Image 1080&#215;720 (z-index: 2)&#8221; _builder_version=&#8221;4.17.4&#8243; custom_margin=&#8221;-90px|-110px||&#8221; custom_margin_tablet=&#8221;-185px|-5px||&#8221; custom_margin_last_edited=&#8221;off|desktop&#8221; animation_style=&#8221;slide&#8221; animation_direction=&#8221;right&#8221; animation_duration=&#8221;1100ms&#8221; custom_css_main_element=&#8221;max-width: 430px;||z-index: 2;||position: relative; &#8221; border_color_all=&#8221;#222222&#8243; box_shadow_style=&#8221;preset1&#8243; box_shadow_blur=&#8221;20px&#8221; box_shadow_spread=&#8221;5px&#8221; box_shadow_color=&#8221;rgba(0,0,0,0.15)&#8221; always_center_on_mobile=&#8221;off&#8221; global_colors_info=&#8221;{}&#8221;]&nbsp;<br \/>\n[\/et_pb_image][\/et_pb_column][et_pb_column type=&#8221;1_2&#8243; specialty_columns=&#8221;2&#8243; _builder_version=&#8221;4.16&#8243; custom_padding=&#8221;|||&#8221; global_colors_info=&#8221;{}&#8221; custom_padding__hover=&#8221;|||&#8221;][et_pb_row_inner _builder_version=&#8221;4.16&#8243; custom_padding=&#8221;||0px|&#8221; global_colors_info=&#8221;{}&#8221;][et_pb_column_inner saved_specialty_column_type=&#8221;1_2&#8243; module_class=&#8221;zero-margin-col&#8221; _builder_version=&#8221;4.16&#8243; custom_padding=&#8221;|||&#8221; custom_padding_last_edited=&#8221;off|desktop&#8221; global_colors_info=&#8221;{}&#8221; padding_last_edited=&#8221;off|desktop&#8221; padding_last_edited__hover=&#8221;off|desktop&#8221; parallax__hover=&#8221;off&#8221; parallax_method__hover=&#8221;on&#8221; module_class__hover=&#8221;zero-margin-col&#8221; custom_padding__hover=&#8221;|||&#8221;][et_pb_text admin_label=&#8221;Left line paragraph&#8221; module_class=&#8221;left-line-paragraph&#8221; _builder_version=&#8221;4.17.4&#8243; text_font=&#8221;|||on|||||&#8221; text_font_size=&#8221;13px&#8221; text_letter_spacing=&#8221;2px&#8221; custom_margin=&#8221;||0px|&#8221; global_colors_info=&#8221;{}&#8221;]<\/p>\n<p>K\u00e9szs\u00e9geim<\/p>\n<p>[\/et_pb_text][et_pb_text admin_label=&#8221;Title &#8211; h1&#8243; _builder_version=&#8221;4.17.4&#8243; header_font_size=&#8221;35px&#8221; header_line_height=&#8221;1.3em&#8221; custom_margin=&#8221;20px||25px|&#8221; header_font_size_tablet=&#8221;33px&#8221; header_font_size_phone=&#8221;28px&#8221; header_font_size_last_edited=&#8221;on|phone&#8221; global_colors_info=&#8221;{}&#8221;]<\/p>\n<h1>Egyedi st\u00edlussal<br \/>N\u00e9zd meg a pillanatk\u00e9peimet!<\/h1>\n<p>[\/et_pb_text][et_pb_divider admin_label=&#8221;Expanding Divider&#8221; module_id=&#8221;expanding-divider&#8221; _builder_version=&#8221;4.16&#8243; custom_margin=&#8221;||10px|&#8221; custom_padding=&#8221;|||&#8221; saved_tabs=&#8221;all&#8221; global_colors_info=&#8221;{}&#8221;][\/et_pb_divider][\/et_pb_column_inner][\/et_pb_row_inner][et_pb_row_inner column_structure=&#8221;1_3,1_3,1_3&#8243; _builder_version=&#8221;4.17.4&#8243; _module_preset=&#8221;default&#8221; global_colors_info=&#8221;{}&#8221;][et_pb_column_inner type=&#8221;1_3&#8243; saved_specialty_column_type=&#8221;1_2&#8243; _builder_version=&#8221;4.17.4&#8243; _module_preset=&#8221;default&#8221; global_colors_info=&#8221;{}&#8221;][et_pb_blurb title=&#8221;K\u00f6zeli k\u00e9pek&#8221; use_icon=&#8221;on&#8221; font_icon=&#8221;agsdi-macro||fa||400&#8243; image_icon_width=&#8221;85px&#8221; _builder_version=&#8221;4.17.4&#8243; _module_preset=&#8221;default&#8221; text_orientation=&#8221;center&#8221; global_colors_info=&#8221;{}&#8221;][\/et_pb_blurb][\/et_pb_column_inner][et_pb_column_inner type=&#8221;1_3&#8243; saved_specialty_column_type=&#8221;1_2&#8243; _builder_version=&#8221;4.17.4&#8243; _module_preset=&#8221;default&#8221; global_colors_info=&#8221;{}&#8221;][et_pb_blurb title=&#8221;T\u00e1jk\u00e9pek&#8221; use_icon=&#8221;on&#8221; font_icon=&#8221;agsdi-image||fa||400&#8243; image_icon_width=&#8221;85px&#8221; _builder_version=&#8221;4.17.4&#8243; _module_preset=&#8221;default&#8221; text_orientation=&#8221;center&#8221; global_colors_info=&#8221;{}&#8221;][\/et_pb_blurb][\/et_pb_column_inner][et_pb_column_inner type=&#8221;1_3&#8243; saved_specialty_column_type=&#8221;1_2&#8243; _builder_version=&#8221;4.17.4&#8243; _module_preset=&#8221;default&#8221; global_colors_info=&#8221;{}&#8221;][et_pb_blurb title=&#8221;\u00c1llatok&#8221; use_icon=&#8221;on&#8221; font_icon=&#8221;agsdi-bird||fa||400&#8243; image_icon_width=&#8221;85px&#8221; _builder_version=&#8221;4.17.4&#8243; _module_preset=&#8221;default&#8221; text_orientation=&#8221;center&#8221; global_colors_info=&#8221;{}&#8221;][\/et_pb_blurb][\/et_pb_column_inner][\/et_pb_row_inner][\/et_pb_column][\/et_pb_section][et_pb_section fb_built=&#8221;1&#8243; _builder_version=&#8221;4.17.6&#8243; _module_preset=&#8221;default&#8221; background_color=&#8221;RGBA(255,255,255,0)&#8221; global_module=&#8221;11674&#8243; saved_tabs=&#8221;all&#8221; global_colors_info=&#8221;{}&#8221;][et_pb_row column_structure=&#8221;1_2,1_2&#8243; _builder_version=&#8221;4.17.6&#8243; _module_preset=&#8221;default&#8221; global_colors_info=&#8221;{}&#8221;][et_pb_column type=&#8221;1_2&#8243; _builder_version=&#8221;4.17.6&#8243; _module_preset=&#8221;default&#8221; global_colors_info=&#8221;{}&#8221;][et_pb_icon font_icon=&#8221;agsdix-fab fa-facebook-f||fa||400&#8243; icon_color=&#8221;#FFFFFF&#8221; url=&#8221;https:\/\/www.facebook.com\/tibor.leiter&#8221; url_new_window=&#8221;on&#8221; icon_width_tablet=&#8221;&#8221; icon_width_phone=&#8221;60px&#8221; icon_width_last_edited=&#8221;on|phone&#8221; _builder_version=&#8221;4.17.6&#8243; _module_preset=&#8221;default&#8221; custom_padding=&#8221;10px|10px|10px|10px|true|true&#8221; border_radii=&#8221;on|138px|138px|138px|138px&#8221; border_width_all=&#8221;2px&#8221; border_color_all=&#8221;#FFFFFF&#8221; global_colors_info=&#8221;{}&#8221; font_icon__hover_enabled=&#8221;on|desktop&#8221; icon_color__hover_enabled=&#8221;on|hover&#8221; icon_color__hover=&#8221;#0c71c3&#8243; border_color_all__hover_enabled=&#8221;on|hover&#8221; border_color_all__hover=&#8221;RGBA(255,255,255,0)&#8221; font_icon__hover=&#8221;agsdix-fab fa-facebook-f||fa||400&#8243;][\/et_pb_icon][\/et_pb_column][et_pb_column type=&#8221;1_2&#8243; _builder_version=&#8221;4.17.6&#8243; _module_preset=&#8221;default&#8221; global_colors_info=&#8221;{}&#8221;][et_pb_icon font_icon=&#8221;agsdi-instagram||fa||400&#8243; icon_color=&#8221;#FFFFFF&#8221; url=&#8221;https:\/\/www.instagram.com\/tiborleiter\/&#8221; url_new_window=&#8221;on&#8221; icon_width_tablet=&#8221;&#8221; icon_width_phone=&#8221;60px&#8221; icon_width_last_edited=&#8221;on|phone&#8221; _builder_version=&#8221;4.17.6&#8243; _module_preset=&#8221;default&#8221; custom_padding=&#8221;10px|10px|10px|10px|true|true&#8221; border_radii=&#8221;on|138px|138px|138px|138px&#8221; border_width_all=&#8221;2px&#8221; border_color_all=&#8221;#FFFFFF&#8221; global_colors_info=&#8221;{}&#8221; icon_color__hover_enabled=&#8221;on|hover&#8221; icon_color__hover=&#8221;#8300E9&#8243; border_color_all__hover_enabled=&#8221;on|hover&#8221; border_color_all__hover=&#8221;RGBA(255,255,255,0)&#8221;][\/et_pb_icon][\/et_pb_column][\/et_pb_row][\/et_pb_section]<\/p>\n","protected":false},"excerpt":{"rendered":"<p> [&hellip;]<\/p>\n","protected":false},"author":1,"featured_media":0,"parent":0,"menu_order":0,"comment_status":"closed","ping_status":"closed","template":"","meta":{"_et_pb_use_builder":"on","_et_pb_old_content":"","_et_gb_content_width":"","footnotes":""},"class_list":["post-10925","page","type-page","status-publish","hentry"],"_links":{"self":[{"href":"https:\/\/tiborleiter.de\/en\/wp-json\/wp\/v2\/pages\/10925","targetHints":{"allow":["GET"]}}],"collection":[{"href":"https:\/\/tiborleiter.de\/en\/wp-json\/wp\/v2\/pages"}],"about":[{"href":"https:\/\/tiborleiter.de\/en\/wp-json\/wp\/v2\/types\/page"}],"author":[{"embeddable":true,"href":"https:\/\/tiborleiter.de\/en\/wp-json\/wp\/v2\/users\/1"}],"replies":[{"embeddable":true,"href":"https:\/\/tiborleiter.de\/en\/wp-json\/wp\/v2\/comments?post=10925"}],"version-history":[{"count":25,"href":"https:\/\/tiborleiter.de\/en\/wp-json\/wp\/v2\/pages\/10925\/revisions"}],"predecessor-version":[{"id":11686,"href":"https:\/\/tiborleiter.de\/en\/wp-json\/wp\/v2\/pages\/10925\/revisions\/11686"}],"wp:attachment":[{"href":"https:\/\/tiborleiter.de\/en\/wp-json\/wp\/v2\/media?parent=10925"}],"curies":[{"name":"wp","href":"https:\/\/api.w.org\/{rel}","templated":true}]}}